{"id":10,"date":"2018-05-30T10:46:38","date_gmt":"2018-05-30T08:46:38","guid":{"rendered":"http:\/\/141.20.126.109\/?page_id=10"},"modified":"2025-04-11T14:04:15","modified_gmt":"2025-04-11T12:04:15","slug":"kontakt","status":"publish","type":"page","link":"https:\/\/amicus-private.com\/","title":{"rendered":"Impressum"},"content":{"rendered":"<p>&nbsp;<\/p>\n<p><img loading=\"lazy\" decoding=\"async\" class=\"wp-image-16 aligncenter\" src=\"http:\/\/amicus-private.com\/wp-content\/uploads\/2018\/05\/Amicus_Private_Wealth_Logo_300-300x195.png\" alt=\"Amicus Private Wealth\" width=\"200\" height=\"130\" \/><\/p>\n<h1><\/h1>\n<p>&nbsp;<\/p>\n<p>Angaben gem\u00e4\u00df \u00a7 5 TMG:<\/p>\n<h3>Amicus Private Wealth Verwaltungs GmbH<\/h3>\n<p>Sophienstra\u00dfe 27<br \/>\n10178 Berlin<\/p>\n<p>Vertreten durch:<br \/>\nSteffen Krause<\/p>\n<p>&nbsp;<\/p>\n<p>Registereintrag:<\/p>\n<p style=\"padding-left: 30px;\">Eintragung im Handelsregister.<br \/>\nRegistergericht:Amtsgericht Berlin Charlottenburg<br \/>\nRegisternummer: HRB 182902<\/p>\n<p style=\"padding-left: 30px;\">Umsatzsteuer-Identifikationsnummer gem\u00e4\u00df \u00a727a Umsatzsteuergesetz:<br \/>\n30\/140\/50839<\/p>\n<p>&nbsp;<\/p>\n<p>Datenschutz:<\/p>\n<p style=\"padding-left: 30px;\">Am 25. Mai 2018 ist die neue Datenschutz-Grundverordnung (DSGVO) in Kraft getreten.<br \/>\nUm\u00a0Sie in Zukunft kontaktieren zu k\u00f6nnen, ben\u00f6tigen wir Ihre Einwilligung und das n\u00f6tige Formular erhalten Sie auf Wunsch zugesandt.<\/p>\n<p style=\"padding-left: 30px;\">Die neue DSVGO (Datenschutzverordnung) ist sehr umfangreich!\u00a0 Es wird der Umgang mit den pers\u00f6nlichen Daten geregelt,\u00a0dadurch \u00e4ndert sich einiges. Ohne Ihre (erneute) explizite Zustimmung k\u00f6nnen wir keine Ihrer Daten speichern bzw. verwenden,\u00a0nach verschiedenen Fristen vollst\u00e4ndig l\u00f6schen und k\u00f6nnen Sie nicht mehr informieren.<br \/>\nSofern wir Ihre Zustimmung nicht bekommen, werden wir Sie nicht kontaktieren k\u00f6nnen.<\/p>\n<p style=\"padding-left: 30px;\">Kurz:\u00a0Bitte sehen Sie sich daher die neuen Richtlinien unter diesem\u00a0<a href=\"http:\/\/www.bfdi.bund.n2g32.com\/pqipc19j-h21tg0g6-hwlrzl13-100k\">Link\u00a0<\/a>an. Dort finden Sie unter anderem folgende Informationen:<\/p>\n<p style=\"padding-left: 30px;\">&#8211;\u00a0Gr\u00fcnde f\u00fcr die Verarbeitung personenbezogener Daten<br \/>\n&#8211; Rechtsgr\u00fcnde f\u00fcr die Verarbeitung personenbezogener Daten<br \/>\n&#8211; Datenschutz-Benutzerrechte und M\u00f6glichkeiten, sie auszu\u00fcben<br \/>\n&#8211; Informationen zur Kontaktaufnahme mit uns bez\u00fcglich des Datenschutzes<\/p>\n<p style=\"padding-left: 30px;\">Sie k\u00f6nnen jederzeit der Verwendung Ihrer pers\u00f6nlichen Daten generell oder auch f\u00fcr einzelne Teile (z.B. nur Telefonnummer oder E-Mail-Adresse) widersprechen.<\/p>\n","protected":false},"excerpt":{"rendered":"<p>&nbsp; &nbsp; Angaben gem\u00e4\u00df \u00a7 5 TMG: Amicus Private Wealth Verwaltungs GmbH Sophienstra\u00dfe 27 10178 Berlin Vertreten durch: Steffen Krause &nbsp; Registereintrag: Eintragung im Handelsregister. Registergericht:Amtsgericht Berlin Charlottenburg Registernummer: HRB 182902 Umsatzsteuer-Identifikationsnummer gem\u00e4\u00df \u00a727a Umsatzsteuergesetz: 30\/140\/50839 &nbsp; Datenschutz: Am 25. Mai 2018 ist die neue Datenschutz-Grundverordnung (DSGVO) in Kraft getreten. Um\u00a0Sie in Zukunft kontaktieren zu [&hellip;]<\/p>\n","protected":false},"author":1,"featured_media":14,"parent":0,"menu_order":0,"comment_status":"closed","ping_status":"closed","template":"","meta":{"footnotes":""},"class_list":["post-10","page","type-page","status-publish","has-post-thumbnail","hentry"],"_links":{"self":[{"href":"https:\/\/amicus-private.com\/index.php\/wp-json\/wp\/v2\/pages\/10","targetHints":{"allow":["GET"]}}],"collection":[{"href":"https:\/\/amicus-private.com\/index.php\/wp-json\/wp\/v2\/pages"}],"about":[{"href":"https:\/\/amicus-private.com\/index.php\/wp-json\/wp\/v2\/types\/page"}],"author":[{"embeddable":true,"href":"https:\/\/amicus-private.com\/index.php\/wp-json\/wp\/v2\/users\/1"}],"replies":[{"embeddable":true,"href":"https:\/\/amicus-private.com\/index.php\/wp-json\/wp\/v2\/comments?post=10"}],"version-history":[{"count":51,"href":"https:\/\/amicus-private.com\/index.php\/wp-json\/wp\/v2\/pages\/10\/revisions"}],"predecessor-version":[{"id":252,"href":"https:\/\/amicus-private.com\/index.php\/wp-json\/wp\/v2\/pages\/10\/revisions\/252"}],"wp:featuredmedia":[{"embeddable":true,"href":"https:\/\/amicus-private.com\/index.php\/wp-json\/wp\/v2\/media\/14"}],"wp:attachment":[{"href":"https:\/\/amicus-private.com\/index.php\/wp-json\/wp\/v2\/media?parent=10"}],"curies":[{"name":"wp","href":"https:\/\/api.w.org\/{rel}","templated":true}]}}